{"id":60,"date":"2019-06-21T19:37:58","date_gmt":"2019-06-21T17:37:58","guid":{"rendered":"https:\/\/new.kruemeltexte.de\/index.php\/impressum\/"},"modified":"2025-12-02T11:48:27","modified_gmt":"2025-12-02T10:48:27","slug":"impressum","status":"publish","type":"page","link":"https:\/\/www.kruemeltexte.de\/index.php\/impressum\/","title":{"rendered":"Impressum"},"content":{"rendered":"<div id=\"pl-gb60-69fb35361ab00\"  class=\"panel-layout wp-block-siteorigin-panels-layout-block\" ><div id=\"pg-gb60-69fb35361ab00-0\"  class=\"panel-grid panel-no-style\" ><div id=\"pgc-gb60-69fb35361ab00-0-0\"  class=\"panel-grid-cell\" ><div id=\"panel-gb60-69fb35361ab00-0-0-0\" class=\"so-panel widget widget_sow-editor panel-first-child panel-last-child\" data-index=\"0\" ><div\n\t\t\t\n\t\t\tclass=\"so-widget-sow-editor so-widget-sow-editor-base\"\n\t\t\t\n\t\t>\n<div class=\"siteorigin-widget-tinymce textwidget\">\n\t<p>Angaben gem\u00e4\u00df \u00a7 5 TMG<\/p>\n<p>Tina Reinhardt<br \/>\nFarmstr. 16-18<br \/>\n64546 M\u00f6rfelden-Walldorf<\/p>\n<p><strong>Vertreten durch:<\/strong><br \/>\nTina Reinhardt<\/p>\n<p><strong>Kontakt:<\/strong><br \/>\nTelefon: 0172-7695962<br \/>\nE-Mail:\u00a0<a href=\"mailto:texten@kruemeltexte.de\">texten@kruemeltexte.de<\/a><\/p>\n<p><strong>Umsatzsteuer-ID:<\/strong><br \/>\nUmsatzsteuer-Identifikationsnummer gem\u00e4\u00df \u00a727a Umsatzsteuergesetz: DE322462370<\/p>\n<p><strong>Wirtschafts-ID:<\/strong><\/p>\n<p><strong>Haftungsausschluss:<\/strong><\/p>\n<p><strong>Haftung f\u00fcr Inhalte<\/strong><\/p>\n<p>Die Inhalte unserer Seiten wurden mit gr\u00f6\u00dfter Sorgfalt erstellt. F\u00fcr die Richtigkeit, Vollst\u00e4ndigkeit und Aktualit\u00e4t der Inhalte k\u00f6nnen wir jedoch keine Gew\u00e4hr \u00fcbernehmen. Als Diensteanbieter sind wir gem\u00e4\u00df \u00a7 7 Abs.1 TMG f\u00fcr eigene Inhalte auf diesen Seiten nach den allgemeinen Gesetzen verantwortlich. Nach \u00a7\u00a7 8 bis 10 TMG sind wir als Diensteanbieter jedoch nicht verpflichtet, \u00fcbermittelte oder gespeicherte fremde Informationen zu \u00fcberwachen oder nach Umst\u00e4nden zu forschen, die auf eine rechtswidrige T\u00e4tigkeit hinweisen. Verpflichtungen zur Entfernung oder Sperrung der Nutzung von Informationen nach den allgemeinen Gesetzen bleiben hiervon unber\u00fchrt. Eine diesbez\u00fcgliche Haftung ist jedoch erst ab dem Zeitpunkt der Kenntnis einer konkreten Rechtsverletzung m\u00f6glich. Bei Bekanntwerden von entsprechenden Rechtsverletzungen werden wir diese Inhalte umgehend entfernen.<\/p>\n<p><strong>Haftung f\u00fcr Links<\/strong><\/p>\n<p>Unser Angebot enth\u00e4lt Links zu externen Webseiten Dritter, auf deren Inhalte wir keinen Einfluss haben. Deshalb k\u00f6nnen wir f\u00fcr diese fremden Inhalte auch keine Gew\u00e4hr \u00fcbernehmen. F\u00fcr die Inhalte der verlinkten Seiten ist stets der jeweilige Anbieter oder Betreiber der Seiten verantwortlich. Die verlinkten Seiten wurden zum Zeitpunkt der Verlinkung auf m\u00f6gliche Rechtsverst\u00f6\u00dfe \u00fcberpr\u00fcft. Rechtswidrige Inhalte waren zum Zeitpunkt der Verlinkung nicht erkennbar. Eine permanente inhaltliche Kontrolle der verlinkten Seiten ist jedoch ohne konkrete Anhaltspunkte einer Rechtsverletzung nicht zumutbar. Bei Bekanntwerden von Rechtsverletzungen werden wir derartige Links umgehend entfernen.<\/p>\n<p><strong>Datenschutz<\/strong><\/p>\n<p>Die Nutzung unserer Webseite ist in der Regel ohne Angabe personenbezogener Daten m\u00f6glich. Soweit auf unseren Seiten personenbezogene Daten (beispielsweise Name, Anschrift oder eMail-Adressen) erhoben werden, erfolgt dies, soweit m\u00f6glich, stets auf freiwilliger Basis. Diese Daten werden ohne Ihre ausdr\u00fcckliche Zustimmung nicht an Dritte weitergegeben.<br \/>\nWir weisen darauf hin, dass die Daten\u00fcbertragung im Internet (z.B. bei der Kommunikation per E-Mail) Sicherheitsl\u00fccken aufweisen kann. Ein l\u00fcckenloser Schutz der Daten vor dem Zugriff durch Dritte ist nicht m\u00f6glich.<br \/>\nDer Nutzung von im Rahmen der Impressumspflicht ver\u00f6ffentlichten Kontaktdaten durch Dritte zur \u00dcbersendung von nicht ausdr\u00fccklich angeforderter Werbung und Informationsmaterialien wird hiermit ausdr\u00fccklich widersprochen. Die Betreiber der Seiten behalten sich ausdr\u00fccklich rechtliche Schritte im Falle der unverlangten Zusendung von Werbeinformationen, etwa durch Spam-Mails, vor.<\/p>\n<p>&nbsp;<\/p>\n<div id=\"link\">Impressum vom\u00a0<a href=\"https:\/\/www.impressum-generator.de\/\">Impressum Generator<\/a>\u00a0der\u00a0<a href=\"https:\/\/www.kanzlei-hasselbach.de\/\">Kanzlei Hasselbach, Rechtsanw\u00e4lte f\u00fcr Arbeitsrecht und Familienrecht<\/a><\/div>\n<\/div>\n<\/div><\/div><\/div><\/div><\/div>","protected":false},"excerpt":{"rendered":"<p>Angaben gem\u00e4\u00df \u00a7 5 TMG Tina Reinhardt Farmstr. 16-18 64546 M\u00f6rfelden-Walldorf Vertreten durch: Tina Reinhardt Kontakt: Telefon: 0172-7695962 E-Mail:\u00a0texten@kruemeltexte.de Umsatzsteuer-ID: Umsatzsteuer-Identifikationsnummer gem\u00e4\u00df \u00a727a Umsatzsteuergesetz: DE322462370 Wirtschafts-ID: Haftungsausschluss: Haftung f\u00fcr Inhalte Die Inhalte unserer Seiten wurden mit gr\u00f6\u00dfter Sorgfalt erstellt. F\u00fcr die Richtigkeit, Vollst\u00e4ndigkeit und Aktualit\u00e4t der Inhalte k\u00f6nnen wir jedoch keine Gew\u00e4hr \u00fcbernehmen. Als Diensteanbieter [&hellip;]<\/p>\n","protected":false},"author":2,"featured_media":0,"parent":0,"menu_order":0,"comment_status":"closed","ping_status":"closed","template":"","meta":{"footnotes":""},"class_list":["post-60","page","type-page","status-publish","hentry","post"],"yoast_head":"<!-- This site is optimized with the Yoast SEO plugin v26.2 - https:\/\/yoast.com\/wordpress\/plugins\/seo\/ -->\n<title>Impressum -<\/title>\n<meta name=\"description\" content=\"Kr\u00fcmeltexte hat seinen Sitz in M\u00f6rfelden-Walldorf, bei Frankfurt am Main. Unsere Texter sind immer f\u00fcr dich da. Termine nach Vereinbarung.\" \/>\n<meta name=\"robots\" content=\"index, follow, max-snippet:-1, max-image-preview:large, max-video-preview:-1\" \/>\n<link rel=\"canonical\" href=\"https:\/\/www.kruemeltexte.de\/index.php\/impressum\/\" \/>\n<meta property=\"og:locale\" content=\"de_DE\" \/>\n<meta property=\"og:type\" content=\"article\" \/>\n<meta property=\"og:title\" content=\"Impressum -\" \/>\n<meta property=\"og:description\" content=\"Kr\u00fcmeltexte hat seinen Sitz in M\u00f6rfelden-Walldorf, bei Frankfurt am Main. Unsere Texter sind immer f\u00fcr dich da. Termine nach Vereinbarung.\" \/>\n<meta property=\"og:url\" content=\"https:\/\/www.kruemeltexte.de\/index.php\/impressum\/\" \/>\n<meta property=\"article:modified_time\" content=\"2025-12-02T10:48:27+00:00\" \/>\n<meta name=\"twitter:card\" content=\"summary_large_image\" \/>\n<meta name=\"twitter:label1\" content=\"Gesch\u00e4tzte Lesezeit\" \/>\n\t<meta name=\"twitter:data1\" content=\"3\u00a0Minuten\" \/>\n<script type=\"application\/ld+json\" class=\"yoast-schema-graph\">{\"@context\":\"https:\/\/schema.org\",\"@graph\":[{\"@type\":\"WebPage\",\"@id\":\"https:\/\/www.kruemeltexte.de\/index.php\/impressum\/\",\"url\":\"https:\/\/www.kruemeltexte.de\/index.php\/impressum\/\",\"name\":\"Impressum -\",\"isPartOf\":{\"@id\":\"https:\/\/www.kruemeltexte.de\/#website\"},\"datePublished\":\"2019-06-21T17:37:58+00:00\",\"dateModified\":\"2025-12-02T10:48:27+00:00\",\"description\":\"Kr\u00fcmeltexte hat seinen Sitz in M\u00f6rfelden-Walldorf, bei Frankfurt am Main. Unsere Texter sind immer f\u00fcr dich da. Termine nach Vereinbarung.\",\"breadcrumb\":{\"@id\":\"https:\/\/www.kruemeltexte.de\/index.php\/impressum\/#breadcrumb\"},\"inLanguage\":\"de\",\"potentialAction\":[{\"@type\":\"ReadAction\",\"target\":[\"https:\/\/www.kruemeltexte.de\/index.php\/impressum\/\"]}]},{\"@type\":\"BreadcrumbList\",\"@id\":\"https:\/\/www.kruemeltexte.de\/index.php\/impressum\/#breadcrumb\",\"itemListElement\":[{\"@type\":\"ListItem\",\"position\":1,\"name\":\"Startseite\",\"item\":\"https:\/\/www.kruemeltexte.de\/\"},{\"@type\":\"ListItem\",\"position\":2,\"name\":\"Impressum\"}]},{\"@type\":\"WebSite\",\"@id\":\"https:\/\/www.kruemeltexte.de\/#website\",\"url\":\"https:\/\/www.kruemeltexte.de\/\",\"name\":\"\",\"description\":\"\",\"potentialAction\":[{\"@type\":\"SearchAction\",\"target\":{\"@type\":\"EntryPoint\",\"urlTemplate\":\"https:\/\/www.kruemeltexte.de\/?s={search_term_string}\"},\"query-input\":{\"@type\":\"PropertyValueSpecification\",\"valueRequired\":true,\"valueName\":\"search_term_string\"}}],\"inLanguage\":\"de\"}]}<\/script>\n<!-- \/ Yoast SEO plugin. -->","yoast_head_json":{"title":"Impressum -","description":"Kr\u00fcmeltexte hat seinen Sitz in M\u00f6rfelden-Walldorf, bei Frankfurt am Main. Unsere Texter sind immer f\u00fcr dich da. Termine nach Vereinbarung.","robots":{"index":"index","follow":"follow","max-snippet":"max-snippet:-1","max-image-preview":"max-image-preview:large","max-video-preview":"max-video-preview:-1"},"canonical":"https:\/\/www.kruemeltexte.de\/index.php\/impressum\/","og_locale":"de_DE","og_type":"article","og_title":"Impressum -","og_description":"Kr\u00fcmeltexte hat seinen Sitz in M\u00f6rfelden-Walldorf, bei Frankfurt am Main. Unsere Texter sind immer f\u00fcr dich da. Termine nach Vereinbarung.","og_url":"https:\/\/www.kruemeltexte.de\/index.php\/impressum\/","article_modified_time":"2025-12-02T10:48:27+00:00","twitter_card":"summary_large_image","twitter_misc":{"Gesch\u00e4tzte Lesezeit":"3\u00a0Minuten"},"schema":{"@context":"https:\/\/schema.org","@graph":[{"@type":"WebPage","@id":"https:\/\/www.kruemeltexte.de\/index.php\/impressum\/","url":"https:\/\/www.kruemeltexte.de\/index.php\/impressum\/","name":"Impressum -","isPartOf":{"@id":"https:\/\/www.kruemeltexte.de\/#website"},"datePublished":"2019-06-21T17:37:58+00:00","dateModified":"2025-12-02T10:48:27+00:00","description":"Kr\u00fcmeltexte hat seinen Sitz in M\u00f6rfelden-Walldorf, bei Frankfurt am Main. Unsere Texter sind immer f\u00fcr dich da. Termine nach Vereinbarung.","breadcrumb":{"@id":"https:\/\/www.kruemeltexte.de\/index.php\/impressum\/#breadcrumb"},"inLanguage":"de","potentialAction":[{"@type":"ReadAction","target":["https:\/\/www.kruemeltexte.de\/index.php\/impressum\/"]}]},{"@type":"BreadcrumbList","@id":"https:\/\/www.kruemeltexte.de\/index.php\/impressum\/#breadcrumb","itemListElement":[{"@type":"ListItem","position":1,"name":"Startseite","item":"https:\/\/www.kruemeltexte.de\/"},{"@type":"ListItem","position":2,"name":"Impressum"}]},{"@type":"WebSite","@id":"https:\/\/www.kruemeltexte.de\/#website","url":"https:\/\/www.kruemeltexte.de\/","name":"","description":"","potentialAction":[{"@type":"SearchAction","target":{"@type":"EntryPoint","urlTemplate":"https:\/\/www.kruemeltexte.de\/?s={search_term_string}"},"query-input":{"@type":"PropertyValueSpecification","valueRequired":true,"valueName":"search_term_string"}}],"inLanguage":"de"}]}},"_links":{"self":[{"href":"https:\/\/www.kruemeltexte.de\/index.php\/wp-json\/wp\/v2\/pages\/60","targetHints":{"allow":["GET"]}}],"collection":[{"href":"https:\/\/www.kruemeltexte.de\/index.php\/wp-json\/wp\/v2\/pages"}],"about":[{"href":"https:\/\/www.kruemeltexte.de\/index.php\/wp-json\/wp\/v2\/types\/page"}],"author":[{"embeddable":true,"href":"https:\/\/www.kruemeltexte.de\/index.php\/wp-json\/wp\/v2\/users\/2"}],"replies":[{"embeddable":true,"href":"https:\/\/www.kruemeltexte.de\/index.php\/wp-json\/wp\/v2\/comments?post=60"}],"version-history":[{"count":4,"href":"https:\/\/www.kruemeltexte.de\/index.php\/wp-json\/wp\/v2\/pages\/60\/revisions"}],"predecessor-version":[{"id":566,"href":"https:\/\/www.kruemeltexte.de\/index.php\/wp-json\/wp\/v2\/pages\/60\/revisions\/566"}],"wp:attachment":[{"href":"https:\/\/www.kruemeltexte.de\/index.php\/wp-json\/wp\/v2\/media?parent=60"}],"curies":[{"name":"wp","href":"https:\/\/api.w.org\/{rel}","templated":true}]}}